{"id":50,"date":"2024-01-13T18:44:27","date_gmt":"2024-01-13T17:44:27","guid":{"rendered":"https:\/\/www.ingbee.net\/?page_id=50"},"modified":"2024-01-14T20:11:20","modified_gmt":"2024-01-14T19:11:20","slug":"fachplanung","status":"publish","type":"page","link":"https:\/\/www.ingbee.net\/?page_id=50","title":{"rendered":"Fachplanung"},"content":{"rendered":"\n<p>Ich unterst\u00fctze sie in der energetischen Fachplanung und Baubegleitung bei der Errichtung und Sanierung von Effizienzgeb\u00e4uden, sowie in der klassischen Fachplanung nach <strong><mark style=\"background-color:rgba(0, 0, 0, 0)\" class=\"has-inline-color has-custom-color-1-color\">HOAI<\/mark><\/strong>.<\/p>\n\n\n\n<p>Bestandteil der Fachplanung ist in der Regel die raumweise <strong><mark style=\"background-color:rgba(0, 0, 0, 0)\" class=\"has-inline-color has-custom-color-1-color\">Heizlastberechnung nach DIN EN 12831<\/mark><\/strong>. Diese ist Voraussetzung f\u00fcr den hydraulischen Abgleich einer Heizungsanlage \u2013 welche im Rahmen der BEG EM<sup><a href=\"https:\/\/www.ingbee.net\/?page_id=16#556e643c-2a1f-4378-b016-4e6a1a39fcd2\">2<\/a><\/sup> f\u00f6rderf\u00e4hig ist. Haben sie Bedarf f\u00fcr eine Heizlastberechnung au\u00dferhalb der Fachplanung \u2013 kontaktieren sie mich gern!<\/p>\n\n\n\n<h3 class=\"wp-block-heading\">Fachplanung und Baubegleitung bei energetischer Sanierung<\/h3>\n\n\n\n<p><\/p>\n\n\n\n<figure class=\"wp-block-table\"><table style=\"border-style:none;border-width:0px\"><tbody><tr><td>Zielgruppe<\/td><td>Eigent\u00fcmer \/ Wohnungseigent\u00fcmergemeinschaften (WEG) von Bestandsgeb\u00e4uden<br>&#8230; egal ob Eigennutzer oder Vermieter<\/td><\/tr><tr><td>Inhalt<\/td><td>Erstellung der Nachweise f\u00fcr die F\u00f6rderungen bei BAFA bzw. KfW<br>Fachplanung<br>Baubegleitung<\/td><\/tr><tr><td>Ergebnis<\/td><td>Erstellung von &#8222;technischer Projektbeschreibung (TPB)&#8220; und &#8222;technischem Projektnachweis (TPN)&#8220; f\u00fcr das BAFA bzw. &#8222;Best\u00e4tigung zum Antrag (BzA)&#8220; und &#8222;Best\u00e4tigung nach Durchf\u00fchrung (BnD)&#8220; f\u00fcr die KfW<br>Ausstellung Energieausweis als Bedarfsausweis<br>Fachplanungsunterlagen<br>energetische Baudokumentation<\/td><\/tr><tr><td>Kosten<\/td><td>entsprechend des vereinbarten Umfangs<\/td><\/tr><tr><td>&#8230; davon F\u00f6rderung<\/td><td>i.d.R. 50% im Rahmen der &#8222;Bundesf\u00f6rderung f\u00fcr effiziente Geb\u00e4ude (BEG)&#8220;<\/td><\/tr><tr><td>erg\u00e4nzende Leistungen<\/td><td>Fachplanung nach HOAI<\/td><\/tr><\/tbody><\/table><\/figure>\n\n\n\n<h3 class=\"wp-block-heading\">Fachplanung und Baubegleitung beim Neubau von Effizienzgeb\u00e4uden\/ Effizienzh\u00e4usern<\/h3>\n\n\n\n<p><\/p>\n\n\n\n<figure class=\"wp-block-table\"><table style=\"border-style:none;border-width:0px\"><tbody><tr><td>Zielgruppe<\/td><td>Bauherren die den Neubau eines Effizienzhauses (Wohngeb\u00e4ude) oder Effizienzgeb\u00e4udes (Nichtwohngeb\u00e4ude) anstreben<br>&#8230; egal ob Eigennutzer oder Vermieter<\/td><\/tr><tr><td>Inhalt<\/td><td>Erstellung der Nachweise f\u00fcr die F\u00f6rderung bei der KfW<br>Fachplanung<br>Baubegleitung<\/td><\/tr><tr><td>Ergebnis<\/td><td>Erstellung von &#8222;Best\u00e4tigung zum Antrag (BzA)&#8220; und &#8222;Best\u00e4tigung nach Durchf\u00fchrung (BnD)&#8220; f\u00fcr die KfW<br>Ausstellung Energieausweis als Bedarfsausweis<br>Fachplanungsunterlagen<br>energetische Baudokumentation<\/td><\/tr><tr><td>Kosten<\/td><td>entsprechend des vereinbarten Umfangs<\/td><\/tr><tr><td>&#8230; davon F\u00f6rderung<\/td><td>i.d.R. 50% im Rahmen der F\u00f6rderung des &#8222;Klimafreundlichen Neubaus (KFN)&#8220; der KfW<\/td><\/tr><tr><td>erg\u00e4nzende Leistungen<\/td><td>Fachplanung nach HOAI<\/td><\/tr><\/tbody><\/table><\/figure>\n\n\n\n<h3 class=\"wp-block-heading\">Fachplanung nach HOAI f\u00fcr die Gewerke Heizung und K\u00e4lte in allen Leistungsphasen<\/h3>\n\n\n\n<p><\/p>\n\n\n\n<figure class=\"wp-block-table\"><table style=\"border-style:none;border-width:0px\"><tbody><tr><td>Zielgruppe<\/td><td>Bauherren<br>bisher unvollst\u00e4ndige Planungsteams<\/td><\/tr><tr><td>Inhalt<\/td><td>Fachplanung der Gewerke Heizung\/K\u00e4lte\/L\u00fcftung<br>Leistungsphasen 1 Grundlagenermittlung bis 9 Objektbetreuung<br>auf Wunsch BIM<sup data-fn=\"8705e713-500a-4316-a9bb-b33a85f2c380\" class=\"fn\"><a href=\"#8705e713-500a-4316-a9bb-b33a85f2c380\" id=\"8705e713-500a-4316-a9bb-b33a85f2c380-link\">1<\/a><\/sup>-basiert<br>mit Fokus auf der sektor\u00fcbergreifenden Optimierung (Heizung\/L\u00fcftung\/K\u00e4lte, Elektrotechnik, Architektur)<\/td><\/tr><tr><td>Ergebnis<\/td><td>Fachplanungsunterlagen nach VDI 6026<\/td><\/tr><tr><td>Kosten<\/td><td>nach Vereinbarung basierend auf der HOAI<sup data-fn=\"8c1a0d71-d107-4c81-853d-dbfb636b4b48\" class=\"fn\"><a href=\"#8c1a0d71-d107-4c81-853d-dbfb636b4b48\" id=\"8c1a0d71-d107-4c81-853d-dbfb636b4b48-link\">2<\/a><\/sup><\/td><\/tr><tr><td>&#8230; davon F\u00f6rderung<\/td><td>zu 50% wenn es im Rahmen der Errichtung von bzw. Sanierung zu Effizienzgeb\u00e4uden ist<\/td><\/tr><tr><td>erg\u00e4nzende Leistungen<\/td><td>\u201eRaumweise Geb\u00e4udesimulation zur Bestimmung von Heiz-\/K\u00fchllast\/SWS\u201c<br>\u201eAnlagensimulation\u201c<\/td><\/tr><\/tbody><\/table><\/figure>\n\n\n<ol class=\"wp-block-footnotes\"><li id=\"8705e713-500a-4316-a9bb-b33a85f2c380\">BIM: Building Information Management\/Modeling <a href=\"#8705e713-500a-4316-a9bb-b33a85f2c380-link\" aria-label=\"Zur Fu\u00dfnotenreferenz 1 navigieren\">\u21a9\ufe0e<\/a><\/li><li id=\"8c1a0d71-d107-4c81-853d-dbfb636b4b48\">HOAI: Honorarordnung f\u00fcr Architekten und Ingenieure <a href=\"#8c1a0d71-d107-4c81-853d-dbfb636b4b48-link\" aria-label=\"Zur Fu\u00dfnotenreferenz 2 navigieren\">\u21a9\ufe0e<\/a><\/li><\/ol>","protected":false},"excerpt":{"rendered":"<p>Ich unterst\u00fctze sie in der energetischen Fachplanung und Baubegleitung bei der Errichtung und Sanierung von Effizienzgeb\u00e4uden, sowie in der klassischen Fachplanung nach HOAI. Bestandteil der Fachplanung ist in der Regel die raumweise Heizlastberechnung nach DIN EN 12831. Diese ist Voraussetzung f\u00fcr den hydraulischen Abgleich einer Heizungsanlage \u2013 welche im Rahmen der BEG EM2 f\u00f6rderf\u00e4hig ist. [&hellip;]<\/p>\n","protected":false},"author":1,"featured_media":0,"parent":0,"menu_order":0,"comment_status":"closed","ping_status":"closed","template":"","meta":{"footnotes":"[{\"content\":\"BIM: Building Information Management\/Modeling\",\"id\":\"8705e713-500a-4316-a9bb-b33a85f2c380\"},{\"content\":\"HOAI: Honorarordnung f\u00fcr Architekten und Ingenieure\",\"id\":\"8c1a0d71-d107-4c81-853d-dbfb636b4b48\"}]"},"class_list":["post-50","page","type-page","status-publish","hentry"],"yoast_head":"<!-- This site is optimized with the Yoast SEO plugin v27.5 - https:\/\/yoast.com\/product\/yoast-seo-wordpress\/ -->\n<title>Fachplanung - Ingenieurb\u00fcro Elisabeth Eckst\u00e4dt<\/title>\n<meta name=\"robots\" content=\"index, follow, max-snippet:-1, max-image-preview:large, max-video-preview:-1\" \/>\n<link rel=\"canonical\" href=\"https:\/\/www.ingbee.net\/?page_id=50\" \/>\n<meta property=\"og:locale\" content=\"de_DE\" \/>\n<meta property=\"og:type\" content=\"article\" \/>\n<meta property=\"og:title\" content=\"Fachplanung - Ingenieurb\u00fcro Elisabeth Eckst\u00e4dt\" \/>\n<meta property=\"og:description\" content=\"Ich unterst\u00fctze sie in der energetischen Fachplanung und Baubegleitung bei der Errichtung und Sanierung von Effizienzgeb\u00e4uden, sowie in der klassischen Fachplanung nach HOAI. Bestandteil der Fachplanung ist in der Regel die raumweise Heizlastberechnung nach DIN EN 12831. Diese ist Voraussetzung f\u00fcr den hydraulischen Abgleich einer Heizungsanlage \u2013 welche im Rahmen der BEG EM2 f\u00f6rderf\u00e4hig ist. [&hellip;]\" \/>\n<meta property=\"og:url\" content=\"https:\/\/www.ingbee.net\/?page_id=50\" \/>\n<meta property=\"og:site_name\" content=\"Ingenieurb\u00fcro Elisabeth Eckst\u00e4dt\" \/>\n<meta property=\"article:modified_time\" content=\"2024-01-14T19:11:20+00:00\" \/>\n<meta name=\"twitter:card\" content=\"summary_large_image\" \/>\n<meta name=\"twitter:label1\" content=\"Gesch\u00e4tzte Lesezeit\" \/>\n\t<meta name=\"twitter:data1\" content=\"2\u00a0Minuten\" \/>\n<script type=\"application\/ld+json\" class=\"yoast-schema-graph\">{\"@context\":\"https:\\\/\\\/schema.org\",\"@graph\":[{\"@type\":\"WebPage\",\"@id\":\"https:\\\/\\\/www.ingbee.net\\\/?page_id=50\",\"url\":\"https:\\\/\\\/www.ingbee.net\\\/?page_id=50\",\"name\":\"Fachplanung - Ingenieurb\u00fcro Elisabeth Eckst\u00e4dt\",\"isPartOf\":{\"@id\":\"https:\\\/\\\/www.ingbee.net\\\/#website\"},\"datePublished\":\"2024-01-13T17:44:27+00:00\",\"dateModified\":\"2024-01-14T19:11:20+00:00\",\"breadcrumb\":{\"@id\":\"https:\\\/\\\/www.ingbee.net\\\/?page_id=50#breadcrumb\"},\"inLanguage\":\"de\",\"potentialAction\":[{\"@type\":\"ReadAction\",\"target\":[\"https:\\\/\\\/www.ingbee.net\\\/?page_id=50\"]}]},{\"@type\":\"BreadcrumbList\",\"@id\":\"https:\\\/\\\/www.ingbee.net\\\/?page_id=50#breadcrumb\",\"itemListElement\":[{\"@type\":\"ListItem\",\"position\":1,\"name\":\"Startseite\",\"item\":\"https:\\\/\\\/www.ingbee.net\\\/\"},{\"@type\":\"ListItem\",\"position\":2,\"name\":\"Fachplanung\"}]},{\"@type\":\"WebSite\",\"@id\":\"https:\\\/\\\/www.ingbee.net\\\/#website\",\"url\":\"https:\\\/\\\/www.ingbee.net\\\/\",\"name\":\"Ingenieurb\u00fcro Elisabeth Eckst\u00e4dt\",\"description\":\"Energieberatung Fachplanung\",\"publisher\":{\"@id\":\"https:\\\/\\\/www.ingbee.net\\\/#organization\"},\"potentialAction\":[{\"@type\":\"SearchAction\",\"target\":{\"@type\":\"EntryPoint\",\"urlTemplate\":\"https:\\\/\\\/www.ingbee.net\\\/?s={search_term_string}\"},\"query-input\":{\"@type\":\"PropertyValueSpecification\",\"valueRequired\":true,\"valueName\":\"search_term_string\"}}],\"inLanguage\":\"de\"},{\"@type\":\"Organization\",\"@id\":\"https:\\\/\\\/www.ingbee.net\\\/#organization\",\"name\":\"Ingenieurb\u00fcro Elisabeth Eckst\u00e4dt\",\"url\":\"https:\\\/\\\/www.ingbee.net\\\/\",\"logo\":{\"@type\":\"ImageObject\",\"inLanguage\":\"de\",\"@id\":\"https:\\\/\\\/www.ingbee.net\\\/#\\\/schema\\\/logo\\\/image\\\/\",\"url\":\"\",\"contentUrl\":\"\",\"caption\":\"Ingenieurb\u00fcro Elisabeth Eckst\u00e4dt\"},\"image\":{\"@id\":\"https:\\\/\\\/www.ingbee.net\\\/#\\\/schema\\\/logo\\\/image\\\/\"}}]}<\/script>\n<!-- \/ Yoast SEO plugin. -->","yoast_head_json":{"title":"Fachplanung - Ingenieurb\u00fcro Elisabeth Eckst\u00e4dt","robots":{"index":"index","follow":"follow","max-snippet":"max-snippet:-1","max-image-preview":"max-image-preview:large","max-video-preview":"max-video-preview:-1"},"canonical":"https:\/\/www.ingbee.net\/?page_id=50","og_locale":"de_DE","og_type":"article","og_title":"Fachplanung - Ingenieurb\u00fcro Elisabeth Eckst\u00e4dt","og_description":"Ich unterst\u00fctze sie in der energetischen Fachplanung und Baubegleitung bei der Errichtung und Sanierung von Effizienzgeb\u00e4uden, sowie in der klassischen Fachplanung nach HOAI. Bestandteil der Fachplanung ist in der Regel die raumweise Heizlastberechnung nach DIN EN 12831. Diese ist Voraussetzung f\u00fcr den hydraulischen Abgleich einer Heizungsanlage \u2013 welche im Rahmen der BEG EM2 f\u00f6rderf\u00e4hig ist. [&hellip;]","og_url":"https:\/\/www.ingbee.net\/?page_id=50","og_site_name":"Ingenieurb\u00fcro Elisabeth Eckst\u00e4dt","article_modified_time":"2024-01-14T19:11:20+00:00","twitter_card":"summary_large_image","twitter_misc":{"Gesch\u00e4tzte Lesezeit":"2\u00a0Minuten"},"schema":{"@context":"https:\/\/schema.org","@graph":[{"@type":"WebPage","@id":"https:\/\/www.ingbee.net\/?page_id=50","url":"https:\/\/www.ingbee.net\/?page_id=50","name":"Fachplanung - Ingenieurb\u00fcro Elisabeth Eckst\u00e4dt","isPartOf":{"@id":"https:\/\/www.ingbee.net\/#website"},"datePublished":"2024-01-13T17:44:27+00:00","dateModified":"2024-01-14T19:11:20+00:00","breadcrumb":{"@id":"https:\/\/www.ingbee.net\/?page_id=50#breadcrumb"},"inLanguage":"de","potentialAction":[{"@type":"ReadAction","target":["https:\/\/www.ingbee.net\/?page_id=50"]}]},{"@type":"BreadcrumbList","@id":"https:\/\/www.ingbee.net\/?page_id=50#breadcrumb","itemListElement":[{"@type":"ListItem","position":1,"name":"Startseite","item":"https:\/\/www.ingbee.net\/"},{"@type":"ListItem","position":2,"name":"Fachplanung"}]},{"@type":"WebSite","@id":"https:\/\/www.ingbee.net\/#website","url":"https:\/\/www.ingbee.net\/","name":"Ingenieurb\u00fcro Elisabeth Eckst\u00e4dt","description":"Energieberatung Fachplanung","publisher":{"@id":"https:\/\/www.ingbee.net\/#organization"},"potentialAction":[{"@type":"SearchAction","target":{"@type":"EntryPoint","urlTemplate":"https:\/\/www.ingbee.net\/?s={search_term_string}"},"query-input":{"@type":"PropertyValueSpecification","valueRequired":true,"valueName":"search_term_string"}}],"inLanguage":"de"},{"@type":"Organization","@id":"https:\/\/www.ingbee.net\/#organization","name":"Ingenieurb\u00fcro Elisabeth Eckst\u00e4dt","url":"https:\/\/www.ingbee.net\/","logo":{"@type":"ImageObject","inLanguage":"de","@id":"https:\/\/www.ingbee.net\/#\/schema\/logo\/image\/","url":"","contentUrl":"","caption":"Ingenieurb\u00fcro Elisabeth Eckst\u00e4dt"},"image":{"@id":"https:\/\/www.ingbee.net\/#\/schema\/logo\/image\/"}}]}},"_links":{"self":[{"href":"https:\/\/www.ingbee.net\/index.php?rest_route=\/wp\/v2\/pages\/50","targetHints":{"allow":["GET"]}}],"collection":[{"href":"https:\/\/www.ingbee.net\/index.php?rest_route=\/wp\/v2\/pages"}],"about":[{"href":"https:\/\/www.ingbee.net\/index.php?rest_route=\/wp\/v2\/types\/page"}],"author":[{"embeddable":true,"href":"https:\/\/www.ingbee.net\/index.php?rest_route=\/wp\/v2\/users\/1"}],"replies":[{"embeddable":true,"href":"https:\/\/www.ingbee.net\/index.php?rest_route=%2Fwp%2Fv2%2Fcomments&post=50"}],"version-history":[{"count":7,"href":"https:\/\/www.ingbee.net\/index.php?rest_route=\/wp\/v2\/pages\/50\/revisions"}],"predecessor-version":[{"id":154,"href":"https:\/\/www.ingbee.net\/index.php?rest_route=\/wp\/v2\/pages\/50\/revisions\/154"}],"wp:attachment":[{"href":"https:\/\/www.ingbee.net\/index.php?rest_route=%2Fwp%2Fv2%2Fmedia&parent=50"}],"curies":[{"name":"wp","href":"https:\/\/api.w.org\/{rel}","templated":true}]}}