{"id":20,"date":"2023-12-30T12:41:34","date_gmt":"2023-12-30T12:41:34","guid":{"rendered":"https:\/\/www.ingbee.net\/?page_id=20"},"modified":"2025-01-25T11:11:49","modified_gmt":"2025-01-25T10:11:49","slug":"startseite","status":"publish","type":"page","link":"https:\/\/www.ingbee.net\/","title":{"rendered":"Startseite"},"content":{"rendered":"\n<p><\/p>\n\n\n\n<p><\/p>\n\n\n\n<p><\/p>\n\n\n\n<p><\/p>\n\n\n\n<p><\/p>\n\n\n\n<h2 class=\"wp-block-heading\"><mark style=\"background-color:rgba(0, 0, 0, 0)\" class=\"has-inline-color has-custom-color-1-color\">Willkommen auf der Internetpr\u00e4senz des <\/mark><\/h2>\n\n\n\n<h2 class=\"wp-block-heading has-text-align-right\"><mark style=\"background-color:rgba(0, 0, 0, 0)\" class=\"has-inline-color has-custom-color-1-color\">Ingenieurb\u00fcro Elisabeth Eckst\u00e4dt!<\/mark><\/h2>\n\n\n\n<h3 class=\"wp-block-heading\">Sie sind&#8230;<\/h3>\n\n\n\n<h3 class=\"wp-block-heading\">Einfamilienhausbesitzer (in spe)<\/h3>\n\n\n\n<p><br>Ben\u00f6tigen Sie eine <a href=\"https:\/\/www.ingbee.net\/?page_id=48\">Energieberatung<\/a> f\u00fcr Ihr Geb\u00e4ude? M\u00f6chten Sie F\u00f6rdermittel f\u00fcr die D\u00e4mmung Ihres Geb\u00e4udes oder die Modernisierung der Anlagentechnik in Anspruch nehmen? Ben\u00f6tigen sie einen Energieausweis (Bedarfsausweis) f\u00fcr Ihr Geb\u00e4ude? Sprechen Sie mich gerne an f\u00fcr eine fachlich fundierte Beratung unabh\u00e4ngig von Verkaufsinteressen!<\/p>\n\n\n\n<h3 class=\"wp-block-heading\"><br>WEG Wohnungseigent\u00fcmer<\/h3>\n\n\n\n<p><br>Als Miteigent\u00fcmerin einer eigenverwalteten Wohnungseigent\u00fcmergemeinschaft (WEG) mit neun Parteien sind mir die Herausforderungen dieser Zielgruppe aus eigener Erfahrung gut bekannt. Sprechen Sie mich gerne an f\u00fcr eine <a href=\"https:\/\/www.ingbee.net\/?page_id=48\">Energieberatung<\/a> oder <a href=\"https:\/\/www.ingbee.net\/?page_id=50\">Fachplanung<\/a> Ihres Neu- oder Umbauprojekts!<\/p>\n\n\n\n<h3 class=\"wp-block-heading\"><br>Professionelle Bauherren<\/h3>\n\n\n\n<p><br>Sie ben\u00f6tigen einen zugelassenen <a href=\"https:\/\/www.ingbee.net\/?page_id=48\">Energieberater<\/a> f\u00fcr die Begleitung Ihres Projekts? Sie ben\u00f6tigen einen <a href=\"https:\/\/www.ingbee.net\/?page_id=50\">Fachplaner<\/a> f\u00fcr die Gewerke Heizung, K\u00e4lte, L\u00fcftung oder Geb\u00e4udeautomation? Sprechen sie mich gern an f\u00fcr ihr Projekt im Bereich Wohn- oder Nichtwohngeb\u00e4ude!<\/p>\n\n\n\n<h3 class=\"wp-block-heading\"><br>Architekten\/TGA-Planungsb\u00fcros<\/h3>\n\n\n\n<p><br>Sie ben\u00f6tigen Unterst\u00fctzung f\u00fcr die Gewerke Heizung oder K\u00e4lte? Sie ben\u00f6tigen Unterst\u00fctzung durch einen zugelassen <a href=\"https:\/\/www.ingbee.net\/?page_id=48\">Energie-Effizienz-Experten<\/a> f\u00fcr Wohn- und Nichtwohngeb\u00e4ude? Sie m\u00f6chten Ihre <a href=\"https:\/\/www.ingbee.net\/?page_id=50\">Planung<\/a> untermauern mit einer <a href=\"https:\/\/www.ingbee.net\/?page_id=16#Simulation\">Geb\u00e4ude- und\/oder Anlagensimulation<\/a>? Kontaktieren sie mich gerne f\u00fcr eine BIM-basierte oder klassische Zusammenarbeit!<\/p>\n\n\n\n<h3 class=\"wp-block-heading\"><br>Nichts von alledem<\/h3>\n\n\n\n<p><br>Werfen Sie gern einen Blick auf mein <a href=\"https:\/\/www.ingbee.net\/?page_id=16\">Leistungsangebot<\/a> \u2013 vielleicht k\u00f6nnen wir zusammen Gutes schaffen?<\/p>\n\n\n\n<p><\/p>\n","protected":false},"excerpt":{"rendered":"<p>Willkommen auf der Internetpr\u00e4senz des Ingenieurb\u00fcro Elisabeth Eckst\u00e4dt! Sie sind&#8230; Einfamilienhausbesitzer (in spe) Ben\u00f6tigen Sie eine Energieberatung f\u00fcr Ihr Geb\u00e4ude? M\u00f6chten Sie F\u00f6rdermittel f\u00fcr die D\u00e4mmung Ihres Geb\u00e4udes oder die Modernisierung der Anlagentechnik in Anspruch nehmen? Ben\u00f6tigen sie einen Energieausweis (Bedarfsausweis) f\u00fcr Ihr Geb\u00e4ude? Sprechen Sie mich gerne an f\u00fcr eine fachlich fundierte Beratung unabh\u00e4ngig [&hellip;]<\/p>\n","protected":false},"author":1,"featured_media":0,"parent":0,"menu_order":0,"comment_status":"closed","ping_status":"closed","template":"page-no-title","meta":{"footnotes":""},"class_list":["post-20","page","type-page","status-publish","hentry"],"yoast_head":"<!-- This site is optimized with the Yoast SEO plugin v27.3 - https:\/\/yoast.com\/product\/yoast-seo-wordpress\/ -->\n<title>Startseite - Ingenieurb\u00fcro Elisabeth Eckst\u00e4dt<\/title>\n<meta name=\"robots\" content=\"index, follow, max-snippet:-1, max-image-preview:large, max-video-preview:-1\" \/>\n<link rel=\"canonical\" href=\"https:\/\/www.ingbee.net\/\" \/>\n<meta property=\"og:locale\" content=\"de_DE\" \/>\n<meta property=\"og:type\" content=\"article\" \/>\n<meta property=\"og:title\" content=\"Startseite - Ingenieurb\u00fcro Elisabeth Eckst\u00e4dt\" \/>\n<meta property=\"og:description\" content=\"Willkommen auf der Internetpr\u00e4senz des Ingenieurb\u00fcro Elisabeth Eckst\u00e4dt! Sie sind&#8230; Einfamilienhausbesitzer (in spe) Ben\u00f6tigen Sie eine Energieberatung f\u00fcr Ihr Geb\u00e4ude? M\u00f6chten Sie F\u00f6rdermittel f\u00fcr die D\u00e4mmung Ihres Geb\u00e4udes oder die Modernisierung der Anlagentechnik in Anspruch nehmen? Ben\u00f6tigen sie einen Energieausweis (Bedarfsausweis) f\u00fcr Ihr Geb\u00e4ude? Sprechen Sie mich gerne an f\u00fcr eine fachlich fundierte Beratung unabh\u00e4ngig [&hellip;]\" \/>\n<meta property=\"og:url\" content=\"https:\/\/www.ingbee.net\/\" \/>\n<meta property=\"og:site_name\" content=\"Ingenieurb\u00fcro Elisabeth Eckst\u00e4dt\" \/>\n<meta property=\"article:modified_time\" content=\"2025-01-25T10:11:49+00:00\" \/>\n<meta name=\"twitter:card\" content=\"summary_large_image\" \/>\n<meta name=\"twitter:label1\" content=\"Gesch\u00e4tzte Lesezeit\" \/>\n\t<meta name=\"twitter:data1\" content=\"2\u00a0Minuten\" \/>\n<script type=\"application\/ld+json\" class=\"yoast-schema-graph\">{\"@context\":\"https:\\\/\\\/schema.org\",\"@graph\":[{\"@type\":\"WebPage\",\"@id\":\"https:\\\/\\\/www.ingbee.net\\\/\",\"url\":\"https:\\\/\\\/www.ingbee.net\\\/\",\"name\":\"Startseite - Ingenieurb\u00fcro Elisabeth Eckst\u00e4dt\",\"isPartOf\":{\"@id\":\"https:\\\/\\\/www.ingbee.net\\\/#website\"},\"datePublished\":\"2023-12-30T12:41:34+00:00\",\"dateModified\":\"2025-01-25T10:11:49+00:00\",\"breadcrumb\":{\"@id\":\"https:\\\/\\\/www.ingbee.net\\\/#breadcrumb\"},\"inLanguage\":\"de\",\"potentialAction\":[{\"@type\":\"ReadAction\",\"target\":[\"https:\\\/\\\/www.ingbee.net\\\/\"]}]},{\"@type\":\"BreadcrumbList\",\"@id\":\"https:\\\/\\\/www.ingbee.net\\\/#breadcrumb\",\"itemListElement\":[{\"@type\":\"ListItem\",\"position\":1,\"name\":\"Startseite\",\"item\":\"https:\\\/\\\/www.ingbee.net\\\/\"},{\"@type\":\"ListItem\",\"position\":2,\"name\":\"Startseite\"}]},{\"@type\":\"WebSite\",\"@id\":\"https:\\\/\\\/www.ingbee.net\\\/#website\",\"url\":\"https:\\\/\\\/www.ingbee.net\\\/\",\"name\":\"Ingenieurb\u00fcro Elisabeth Eckst\u00e4dt\",\"description\":\"Energieberatung Fachplanung\",\"publisher\":{\"@id\":\"https:\\\/\\\/www.ingbee.net\\\/#organization\"},\"potentialAction\":[{\"@type\":\"SearchAction\",\"target\":{\"@type\":\"EntryPoint\",\"urlTemplate\":\"https:\\\/\\\/www.ingbee.net\\\/?s={search_term_string}\"},\"query-input\":{\"@type\":\"PropertyValueSpecification\",\"valueRequired\":true,\"valueName\":\"search_term_string\"}}],\"inLanguage\":\"de\"},{\"@type\":\"Organization\",\"@id\":\"https:\\\/\\\/www.ingbee.net\\\/#organization\",\"name\":\"Ingenieurb\u00fcro Elisabeth Eckst\u00e4dt\",\"url\":\"https:\\\/\\\/www.ingbee.net\\\/\",\"logo\":{\"@type\":\"ImageObject\",\"inLanguage\":\"de\",\"@id\":\"https:\\\/\\\/www.ingbee.net\\\/#\\\/schema\\\/logo\\\/image\\\/\",\"url\":\"\",\"contentUrl\":\"\",\"caption\":\"Ingenieurb\u00fcro Elisabeth Eckst\u00e4dt\"},\"image\":{\"@id\":\"https:\\\/\\\/www.ingbee.net\\\/#\\\/schema\\\/logo\\\/image\\\/\"}}]}<\/script>\n<!-- \/ Yoast SEO plugin. -->","yoast_head_json":{"title":"Startseite - Ingenieurb\u00fcro Elisabeth Eckst\u00e4dt","robots":{"index":"index","follow":"follow","max-snippet":"max-snippet:-1","max-image-preview":"max-image-preview:large","max-video-preview":"max-video-preview:-1"},"canonical":"https:\/\/www.ingbee.net\/","og_locale":"de_DE","og_type":"article","og_title":"Startseite - Ingenieurb\u00fcro Elisabeth Eckst\u00e4dt","og_description":"Willkommen auf der Internetpr\u00e4senz des Ingenieurb\u00fcro Elisabeth Eckst\u00e4dt! Sie sind&#8230; Einfamilienhausbesitzer (in spe) Ben\u00f6tigen Sie eine Energieberatung f\u00fcr Ihr Geb\u00e4ude? M\u00f6chten Sie F\u00f6rdermittel f\u00fcr die D\u00e4mmung Ihres Geb\u00e4udes oder die Modernisierung der Anlagentechnik in Anspruch nehmen? Ben\u00f6tigen sie einen Energieausweis (Bedarfsausweis) f\u00fcr Ihr Geb\u00e4ude? Sprechen Sie mich gerne an f\u00fcr eine fachlich fundierte Beratung unabh\u00e4ngig [&hellip;]","og_url":"https:\/\/www.ingbee.net\/","og_site_name":"Ingenieurb\u00fcro Elisabeth Eckst\u00e4dt","article_modified_time":"2025-01-25T10:11:49+00:00","twitter_card":"summary_large_image","twitter_misc":{"Gesch\u00e4tzte Lesezeit":"2\u00a0Minuten"},"schema":{"@context":"https:\/\/schema.org","@graph":[{"@type":"WebPage","@id":"https:\/\/www.ingbee.net\/","url":"https:\/\/www.ingbee.net\/","name":"Startseite - Ingenieurb\u00fcro Elisabeth Eckst\u00e4dt","isPartOf":{"@id":"https:\/\/www.ingbee.net\/#website"},"datePublished":"2023-12-30T12:41:34+00:00","dateModified":"2025-01-25T10:11:49+00:00","breadcrumb":{"@id":"https:\/\/www.ingbee.net\/#breadcrumb"},"inLanguage":"de","potentialAction":[{"@type":"ReadAction","target":["https:\/\/www.ingbee.net\/"]}]},{"@type":"BreadcrumbList","@id":"https:\/\/www.ingbee.net\/#breadcrumb","itemListElement":[{"@type":"ListItem","position":1,"name":"Startseite","item":"https:\/\/www.ingbee.net\/"},{"@type":"ListItem","position":2,"name":"Startseite"}]},{"@type":"WebSite","@id":"https:\/\/www.ingbee.net\/#website","url":"https:\/\/www.ingbee.net\/","name":"Ingenieurb\u00fcro Elisabeth Eckst\u00e4dt","description":"Energieberatung Fachplanung","publisher":{"@id":"https:\/\/www.ingbee.net\/#organization"},"potentialAction":[{"@type":"SearchAction","target":{"@type":"EntryPoint","urlTemplate":"https:\/\/www.ingbee.net\/?s={search_term_string}"},"query-input":{"@type":"PropertyValueSpecification","valueRequired":true,"valueName":"search_term_string"}}],"inLanguage":"de"},{"@type":"Organization","@id":"https:\/\/www.ingbee.net\/#organization","name":"Ingenieurb\u00fcro Elisabeth Eckst\u00e4dt","url":"https:\/\/www.ingbee.net\/","logo":{"@type":"ImageObject","inLanguage":"de","@id":"https:\/\/www.ingbee.net\/#\/schema\/logo\/image\/","url":"","contentUrl":"","caption":"Ingenieurb\u00fcro Elisabeth Eckst\u00e4dt"},"image":{"@id":"https:\/\/www.ingbee.net\/#\/schema\/logo\/image\/"}}]}},"_links":{"self":[{"href":"https:\/\/www.ingbee.net\/index.php?rest_route=\/wp\/v2\/pages\/20","targetHints":{"allow":["GET"]}}],"collection":[{"href":"https:\/\/www.ingbee.net\/index.php?rest_route=\/wp\/v2\/pages"}],"about":[{"href":"https:\/\/www.ingbee.net\/index.php?rest_route=\/wp\/v2\/types\/page"}],"author":[{"embeddable":true,"href":"https:\/\/www.ingbee.net\/index.php?rest_route=\/wp\/v2\/users\/1"}],"replies":[{"embeddable":true,"href":"https:\/\/www.ingbee.net\/index.php?rest_route=%2Fwp%2Fv2%2Fcomments&post=20"}],"version-history":[{"count":15,"href":"https:\/\/www.ingbee.net\/index.php?rest_route=\/wp\/v2\/pages\/20\/revisions"}],"predecessor-version":[{"id":195,"href":"https:\/\/www.ingbee.net\/index.php?rest_route=\/wp\/v2\/pages\/20\/revisions\/195"}],"wp:attachment":[{"href":"https:\/\/www.ingbee.net\/index.php?rest_route=%2Fwp%2Fv2%2Fmedia&parent=20"}],"curies":[{"name":"wp","href":"https:\/\/api.w.org\/{rel}","templated":true}]}}