{"id":180,"date":"2024-01-14T21:33:11","date_gmt":"2024-01-14T20:33:11","guid":{"rendered":"https:\/\/www.ingbee.net\/?page_id=180"},"modified":"2024-01-14T21:33:11","modified_gmt":"2024-01-14T20:33:11","slug":"impressum","status":"publish","type":"page","link":"https:\/\/www.ingbee.net\/?page_id=180","title":{"rendered":"Impressum"},"content":{"rendered":"\n<p><strong>Ingenieurb\u00fcro Elisabeth Eckst\u00e4dt<\/strong><br>Am Bramschkontor 7<br>01067 Dresden<\/p>\n\n\n\n<p>Mobil:\u00a0\u00a0\u00a0 0151 5183 3414<br>E-Mail: website@ingbee.net<\/p>\n\n\n\n<p><strong>Konzeption, Gestaltung und technische Umsetzung<br><\/strong>Elisabeth Eckst\u00e4dt mit WordPress<\/p>\n\n\n\n<p><strong>Quellenangaben f\u00fcr die verwendeten Bilder<br><\/strong>Elisabeth Eckst\u00e4dt<\/p>\n","protected":false},"excerpt":{"rendered":"<p>Ingenieurb\u00fcro Elisabeth Eckst\u00e4dtAm Bramschkontor 701067 Dresden Mobil:\u00a0\u00a0\u00a0 0151 5183 3414E-Mail: website@ingbee.net Konzeption, Gestaltung und technische UmsetzungElisabeth Eckst\u00e4dt mit WordPress Quellenangaben f\u00fcr die verwendeten BilderElisabeth Eckst\u00e4dt<\/p>\n","protected":false},"author":1,"featured_media":0,"parent":0,"menu_order":0,"comment_status":"closed","ping_status":"closed","template":"","meta":{"footnotes":""},"class_list":["post-180","page","type-page","status-publish","hentry"],"yoast_head":"<!-- This site is optimized with the Yoast SEO plugin v27.6 - https:\/\/yoast.com\/product\/yoast-seo-wordpress\/ -->\n<title>Impressum - Ingenieurb\u00fcro Elisabeth Eckst\u00e4dt<\/title>\n<meta name=\"robots\" content=\"index, follow, max-snippet:-1, max-image-preview:large, max-video-preview:-1\" \/>\n<link rel=\"canonical\" href=\"https:\/\/www.ingbee.net\/?page_id=180\" \/>\n<meta property=\"og:locale\" content=\"de_DE\" \/>\n<meta property=\"og:type\" content=\"article\" \/>\n<meta property=\"og:title\" content=\"Impressum - Ingenieurb\u00fcro Elisabeth Eckst\u00e4dt\" \/>\n<meta property=\"og:description\" content=\"Ingenieurb\u00fcro Elisabeth Eckst\u00e4dtAm Bramschkontor 701067 Dresden Mobil:\u00a0\u00a0\u00a0 0151 5183 3414E-Mail: website@ingbee.net Konzeption, Gestaltung und technische UmsetzungElisabeth Eckst\u00e4dt mit WordPress Quellenangaben f\u00fcr die verwendeten BilderElisabeth Eckst\u00e4dt\" \/>\n<meta property=\"og:url\" content=\"https:\/\/www.ingbee.net\/?page_id=180\" \/>\n<meta property=\"og:site_name\" content=\"Ingenieurb\u00fcro Elisabeth Eckst\u00e4dt\" \/>\n<meta name=\"twitter:card\" content=\"summary_large_image\" \/>\n<meta name=\"twitter:label1\" content=\"Gesch\u00e4tzte Lesezeit\" \/>\n\t<meta name=\"twitter:data1\" content=\"1\u00a0Minute\" \/>\n<script type=\"application\/ld+json\" class=\"yoast-schema-graph\">{\"@context\":\"https:\\\/\\\/schema.org\",\"@graph\":[{\"@type\":\"WebPage\",\"@id\":\"https:\\\/\\\/www.ingbee.net\\\/?page_id=180\",\"url\":\"https:\\\/\\\/www.ingbee.net\\\/?page_id=180\",\"name\":\"Impressum - Ingenieurb\u00fcro Elisabeth Eckst\u00e4dt\",\"isPartOf\":{\"@id\":\"https:\\\/\\\/www.ingbee.net\\\/#website\"},\"datePublished\":\"2024-01-14T20:33:11+00:00\",\"breadcrumb\":{\"@id\":\"https:\\\/\\\/www.ingbee.net\\\/?page_id=180#breadcrumb\"},\"inLanguage\":\"de\",\"potentialAction\":[{\"@type\":\"ReadAction\",\"target\":[\"https:\\\/\\\/www.ingbee.net\\\/?page_id=180\"]}]},{\"@type\":\"BreadcrumbList\",\"@id\":\"https:\\\/\\\/www.ingbee.net\\\/?page_id=180#breadcrumb\",\"itemListElement\":[{\"@type\":\"ListItem\",\"position\":1,\"name\":\"Startseite\",\"item\":\"https:\\\/\\\/www.ingbee.net\\\/\"},{\"@type\":\"ListItem\",\"position\":2,\"name\":\"Impressum\"}]},{\"@type\":\"WebSite\",\"@id\":\"https:\\\/\\\/www.ingbee.net\\\/#website\",\"url\":\"https:\\\/\\\/www.ingbee.net\\\/\",\"name\":\"Ingenieurb\u00fcro Elisabeth Eckst\u00e4dt\",\"description\":\"Energieberatung Fachplanung\",\"publisher\":{\"@id\":\"https:\\\/\\\/www.ingbee.net\\\/#organization\"},\"potentialAction\":[{\"@type\":\"SearchAction\",\"target\":{\"@type\":\"EntryPoint\",\"urlTemplate\":\"https:\\\/\\\/www.ingbee.net\\\/?s={search_term_string}\"},\"query-input\":{\"@type\":\"PropertyValueSpecification\",\"valueRequired\":true,\"valueName\":\"search_term_string\"}}],\"inLanguage\":\"de\"},{\"@type\":\"Organization\",\"@id\":\"https:\\\/\\\/www.ingbee.net\\\/#organization\",\"name\":\"Ingenieurb\u00fcro Elisabeth Eckst\u00e4dt\",\"url\":\"https:\\\/\\\/www.ingbee.net\\\/\",\"logo\":{\"@type\":\"ImageObject\",\"inLanguage\":\"de\",\"@id\":\"https:\\\/\\\/www.ingbee.net\\\/#\\\/schema\\\/logo\\\/image\\\/\",\"url\":\"\",\"contentUrl\":\"\",\"caption\":\"Ingenieurb\u00fcro Elisabeth Eckst\u00e4dt\"},\"image\":{\"@id\":\"https:\\\/\\\/www.ingbee.net\\\/#\\\/schema\\\/logo\\\/image\\\/\"}}]}<\/script>\n<!-- \/ Yoast SEO plugin. -->","yoast_head_json":{"title":"Impressum - Ingenieurb\u00fcro Elisabeth Eckst\u00e4dt","robots":{"index":"index","follow":"follow","max-snippet":"max-snippet:-1","max-image-preview":"max-image-preview:large","max-video-preview":"max-video-preview:-1"},"canonical":"https:\/\/www.ingbee.net\/?page_id=180","og_locale":"de_DE","og_type":"article","og_title":"Impressum - Ingenieurb\u00fcro Elisabeth Eckst\u00e4dt","og_description":"Ingenieurb\u00fcro Elisabeth Eckst\u00e4dtAm Bramschkontor 701067 Dresden Mobil:\u00a0\u00a0\u00a0 0151 5183 3414E-Mail: website@ingbee.net Konzeption, Gestaltung und technische UmsetzungElisabeth Eckst\u00e4dt mit WordPress Quellenangaben f\u00fcr die verwendeten BilderElisabeth Eckst\u00e4dt","og_url":"https:\/\/www.ingbee.net\/?page_id=180","og_site_name":"Ingenieurb\u00fcro Elisabeth Eckst\u00e4dt","twitter_card":"summary_large_image","twitter_misc":{"Gesch\u00e4tzte Lesezeit":"1\u00a0Minute"},"schema":{"@context":"https:\/\/schema.org","@graph":[{"@type":"WebPage","@id":"https:\/\/www.ingbee.net\/?page_id=180","url":"https:\/\/www.ingbee.net\/?page_id=180","name":"Impressum - Ingenieurb\u00fcro Elisabeth Eckst\u00e4dt","isPartOf":{"@id":"https:\/\/www.ingbee.net\/#website"},"datePublished":"2024-01-14T20:33:11+00:00","breadcrumb":{"@id":"https:\/\/www.ingbee.net\/?page_id=180#breadcrumb"},"inLanguage":"de","potentialAction":[{"@type":"ReadAction","target":["https:\/\/www.ingbee.net\/?page_id=180"]}]},{"@type":"BreadcrumbList","@id":"https:\/\/www.ingbee.net\/?page_id=180#breadcrumb","itemListElement":[{"@type":"ListItem","position":1,"name":"Startseite","item":"https:\/\/www.ingbee.net\/"},{"@type":"ListItem","position":2,"name":"Impressum"}]},{"@type":"WebSite","@id":"https:\/\/www.ingbee.net\/#website","url":"https:\/\/www.ingbee.net\/","name":"Ingenieurb\u00fcro Elisabeth Eckst\u00e4dt","description":"Energieberatung Fachplanung","publisher":{"@id":"https:\/\/www.ingbee.net\/#organization"},"potentialAction":[{"@type":"SearchAction","target":{"@type":"EntryPoint","urlTemplate":"https:\/\/www.ingbee.net\/?s={search_term_string}"},"query-input":{"@type":"PropertyValueSpecification","valueRequired":true,"valueName":"search_term_string"}}],"inLanguage":"de"},{"@type":"Organization","@id":"https:\/\/www.ingbee.net\/#organization","name":"Ingenieurb\u00fcro Elisabeth Eckst\u00e4dt","url":"https:\/\/www.ingbee.net\/","logo":{"@type":"ImageObject","inLanguage":"de","@id":"https:\/\/www.ingbee.net\/#\/schema\/logo\/image\/","url":"","contentUrl":"","caption":"Ingenieurb\u00fcro Elisabeth Eckst\u00e4dt"},"image":{"@id":"https:\/\/www.ingbee.net\/#\/schema\/logo\/image\/"}}]}},"_links":{"self":[{"href":"https:\/\/www.ingbee.net\/index.php?rest_route=\/wp\/v2\/pages\/180","targetHints":{"allow":["GET"]}}],"collection":[{"href":"https:\/\/www.ingbee.net\/index.php?rest_route=\/wp\/v2\/pages"}],"about":[{"href":"https:\/\/www.ingbee.net\/index.php?rest_route=\/wp\/v2\/types\/page"}],"author":[{"embeddable":true,"href":"https:\/\/www.ingbee.net\/index.php?rest_route=\/wp\/v2\/users\/1"}],"replies":[{"embeddable":true,"href":"https:\/\/www.ingbee.net\/index.php?rest_route=%2Fwp%2Fv2%2Fcomments&post=180"}],"version-history":[{"count":1,"href":"https:\/\/www.ingbee.net\/index.php?rest_route=\/wp\/v2\/pages\/180\/revisions"}],"predecessor-version":[{"id":181,"href":"https:\/\/www.ingbee.net\/index.php?rest_route=\/wp\/v2\/pages\/180\/revisions\/181"}],"wp:attachment":[{"href":"https:\/\/www.ingbee.net\/index.php?rest_route=%2Fwp%2Fv2%2Fmedia&parent=180"}],"curies":[{"name":"wp","href":"https:\/\/api.w.org\/{rel}","templated":true}]}}