{"id":16,"date":"2023-12-30T12:21:02","date_gmt":"2023-12-30T12:21:02","guid":{"rendered":"https:\/\/www.ingbee.net\/?page_id=16"},"modified":"2025-02-04T13:24:55","modified_gmt":"2025-02-04T12:24:55","slug":"angebot","status":"publish","type":"page","link":"https:\/\/www.ingbee.net\/?page_id=16","title":{"rendered":"Angebot"},"content":{"rendered":"\n<h3 class=\"wp-block-heading\" id=\"Energieberatung\">Energieberatung<\/h3>\n\n\n\n<div class=\"wp-block-group is-nowrap is-layout-flex wp-container-core-group-is-layout-6c531013 wp-block-group-is-layout-flex\">\n<figure class=\"wp-block-image size-full is-resized\"><img loading=\"lazy\" decoding=\"async\" width=\"500\" height=\"505\" src=\"https:\/\/www.ingbee.net\/wp-content\/uploads\/2024\/01\/Energieausweis.jpg\" alt=\"\" class=\"wp-image-162\" style=\"aspect-ratio:1;object-fit:cover;width:200px\" srcset=\"https:\/\/www.ingbee.net\/wp-content\/uploads\/2024\/01\/Energieausweis.jpg 500w, https:\/\/www.ingbee.net\/wp-content\/uploads\/2024\/01\/Energieausweis-297x300.jpg 297w\" sizes=\"auto, (max-width: 500px) 100vw, 500px\" \/><\/figure>\n\n\n\n<div class=\"wp-block-group has-global-padding is-layout-constrained wp-block-group-is-layout-constrained\">\n<p class=\"has-text-align-left has-custom-color-2-color has-text-color has-link-color has-20-font-size wp-elements-014a270ba3eb392af545b20547e9baf3\" style=\"font-style:italic;font-weight:300\">Sie brauchen Orientierung f\u00fcr das energetische Konzept ihres Geb\u00e4udes?<\/p>\n\n\n\n<p>Ich biete Energieberatung f\u00fcr Wohn- und Nichtwohngeb\u00e4ude an \u2013 sowohl f\u00fcr Bestandsgeb\u00e4ude, als auch f\u00fcr Neubauten. Dadurch erfahren sie, wie ein zukunftsf\u00e4higes energetisches Konzept f\u00fcr ihr (geplantes) Geb\u00e4ude aussieht. Dabei liegt mir eine sinnvolle Wechselwirkung von Geb\u00e4udeh\u00fclle und technischer Geb\u00e4udeausr\u00fcstung (TGA) am Herzen. Neben den klassischen Gewerken Heizung, K\u00e4lte und L\u00fcftung (HLK) wird auch das Zusammenspiel mit der Elektrotechnik des Geb\u00e4udes betrachtet. <\/p>\n\n\n\n<p>Details zu meinem Angebot in der Energieberatung entnehmen sie bitte der <a href=\"https:\/\/www.ingbee.net\/?page_id=48\">Beschreibungsseite<\/a>.<\/p>\n<\/div>\n<\/div>\n\n\n\n<h3 class=\"wp-block-heading\" id=\"Fachplanung\">Fachplanung<\/h3>\n\n\n\n<div class=\"wp-block-group is-nowrap is-layout-flex wp-container-core-group-is-layout-6c531013 wp-block-group-is-layout-flex\">\n<figure class=\"wp-block-image size-full is-resized\"><img loading=\"lazy\" decoding=\"async\" width=\"549\" height=\"483\" src=\"https:\/\/www.ingbee.net\/wp-content\/uploads\/2024\/01\/BIM.jpg\" alt=\"\" class=\"wp-image-161\" style=\"aspect-ratio:1;object-fit:cover;width:200px\" srcset=\"https:\/\/www.ingbee.net\/wp-content\/uploads\/2024\/01\/BIM.jpg 549w, https:\/\/www.ingbee.net\/wp-content\/uploads\/2024\/01\/BIM-300x264.jpg 300w\" sizes=\"auto, (max-width: 549px) 100vw, 549px\" \/><\/figure>\n\n\n\n<div class=\"wp-block-group has-global-padding is-layout-constrained wp-block-group-is-layout-constrained\">\n<p class=\"has-text-align-left has-custom-color-2-color has-text-color has-link-color has-20-font-size wp-elements-687797e6b38f7721980a6338d8282abd\" style=\"font-style:italic;font-weight:300\">Sie stehen vor der Umsetzung von konkreten Bauma\u00dfnahmen?<\/p>\n\n\n\n<p>Ich unterst\u00fctze sie in der energetischen Fachplanung und Baubegleitung bei der Errichtung und Sanierung von Effizienzgeb\u00e4uden, sowie in der klassischen Fachplanung nach <strong><mark style=\"background-color:rgba(0, 0, 0, 0)\" class=\"has-inline-color has-custom-color-1-color\">HOAI<\/mark><\/strong>.<\/p>\n\n\n\n<p>Details zu meinem Angebot in der Fachplanung entnehmen sie bitte der <a href=\"https:\/\/www.ingbee.net\/?page_id=50\">Beschreibungsseite<\/a>.<\/p>\n<\/div>\n<\/div>\n\n\n\n<h3 class=\"wp-block-heading\" id=\"Simulation\">Geb\u00e4ude- und Anlagensimulation<\/h3>\n\n\n\n<div class=\"wp-block-group is-nowrap is-layout-flex wp-container-core-group-is-layout-6c531013 wp-block-group-is-layout-flex\">\n<figure class=\"wp-block-image size-full is-resized\"><img loading=\"lazy\" decoding=\"async\" width=\"398\" height=\"391\" src=\"https:\/\/www.ingbee.net\/wp-content\/uploads\/2024\/01\/Simulation_qu.jpg\" alt=\"\" class=\"wp-image-163\" style=\"aspect-ratio:1;object-fit:cover;width:200px\" srcset=\"https:\/\/www.ingbee.net\/wp-content\/uploads\/2024\/01\/Simulation_qu.jpg 398w, https:\/\/www.ingbee.net\/wp-content\/uploads\/2024\/01\/Simulation_qu-300x295.jpg 300w\" sizes=\"auto, (max-width: 398px) 100vw, 398px\" \/><\/figure>\n\n\n\n<div class=\"wp-block-group has-global-padding is-layout-constrained wp-block-group-is-layout-constrained\">\n<p class=\"has-text-align-left has-custom-color-2-color has-text-color has-link-color has-20-font-size wp-elements-8618940ac7c144d9c1355d39b1422f3c\" style=\"font-style:italic;font-weight:300\">Sie haben eine spezielle Fragestellung z.B. im Rahmen der energetischen Fachplanung?<\/p>\n\n\n\n<p>Informieren sie sich \u00fcber mein <a href=\"https:\/\/www.ingbee.net\/?page_id=149\">Angebot im Bereich Simulation<\/a>.<\/p>\n<\/div>\n<\/div>\n\n\n\n<h3 class=\"wp-block-heading\" id=\"Simulation\">Kommunale W\u00e4rmeplanung<\/h3>\n\n\n\n<div class=\"wp-block-group is-nowrap is-layout-flex wp-container-core-group-is-layout-6c531013 wp-block-group-is-layout-flex\">\n<figure class=\"wp-block-image size-full is-resized\"><img loading=\"lazy\" decoding=\"async\" width=\"398\" height=\"391\" src=\"https:\/\/www.ingbee.net\/wp-content\/uploads\/2024\/01\/Simulation_qu.jpg\" alt=\"\" class=\"wp-image-163\" style=\"aspect-ratio:1;object-fit:cover;width:200px\" srcset=\"https:\/\/www.ingbee.net\/wp-content\/uploads\/2024\/01\/Simulation_qu.jpg 398w, https:\/\/www.ingbee.net\/wp-content\/uploads\/2024\/01\/Simulation_qu-300x295.jpg 300w\" sizes=\"auto, (max-width: 398px) 100vw, 398px\" \/><\/figure>\n\n\n\n<div class=\"wp-block-group has-global-padding is-layout-constrained wp-block-group-is-layout-constrained\">\n<p class=\"has-text-align-left has-custom-color-2-color has-text-color has-link-color has-20-font-size wp-elements-ecc9784ac216c7232f9f9c2ab09d8a94\" style=\"font-style:italic;font-weight:300\">Ihre Kommune m\u00f6chte eine kommunale W\u00e4rmeplanung in Angriff nehmen?<\/p>\n\n\n\n<p>Informieren sie sich \u00fcber mein <a href=\"https:\/\/www.ingbee.net\/?page_id=213\">Angebot im Bereich Kommunale W\u00e4rmeplanung<\/a>.<\/p>\n<\/div>\n<\/div>\n","protected":false},"excerpt":{"rendered":"<p>Energieberatung Sie brauchen Orientierung f\u00fcr das energetische Konzept ihres Geb\u00e4udes? Ich biete Energieberatung f\u00fcr Wohn- und Nichtwohngeb\u00e4ude an \u2013 sowohl f\u00fcr Bestandsgeb\u00e4ude, als auch f\u00fcr Neubauten. Dadurch erfahren sie, wie ein zukunftsf\u00e4higes energetisches Konzept f\u00fcr ihr (geplantes) Geb\u00e4ude aussieht. Dabei liegt mir eine sinnvolle Wechselwirkung von Geb\u00e4udeh\u00fclle und technischer Geb\u00e4udeausr\u00fcstung (TGA) am Herzen. Neben den [&hellip;]<\/p>\n","protected":false},"author":1,"featured_media":0,"parent":0,"menu_order":0,"comment_status":"closed","ping_status":"closed","template":"","meta":{"footnotes":"[]"},"class_list":["post-16","page","type-page","status-publish","hentry"],"yoast_head":"<!-- This site is optimized with the Yoast SEO plugin v27.5 - https:\/\/yoast.com\/product\/yoast-seo-wordpress\/ -->\n<title>Angebot - Ingenieurb\u00fcro Elisabeth Eckst\u00e4dt<\/title>\n<meta name=\"robots\" content=\"index, follow, max-snippet:-1, max-image-preview:large, max-video-preview:-1\" \/>\n<link rel=\"canonical\" href=\"https:\/\/www.ingbee.net\/?page_id=16\" \/>\n<meta property=\"og:locale\" content=\"de_DE\" \/>\n<meta property=\"og:type\" content=\"article\" \/>\n<meta property=\"og:title\" content=\"Angebot - Ingenieurb\u00fcro Elisabeth Eckst\u00e4dt\" \/>\n<meta property=\"og:description\" content=\"Energieberatung Sie brauchen Orientierung f\u00fcr das energetische Konzept ihres Geb\u00e4udes? Ich biete Energieberatung f\u00fcr Wohn- und Nichtwohngeb\u00e4ude an \u2013 sowohl f\u00fcr Bestandsgeb\u00e4ude, als auch f\u00fcr Neubauten. Dadurch erfahren sie, wie ein zukunftsf\u00e4higes energetisches Konzept f\u00fcr ihr (geplantes) Geb\u00e4ude aussieht. Dabei liegt mir eine sinnvolle Wechselwirkung von Geb\u00e4udeh\u00fclle und technischer Geb\u00e4udeausr\u00fcstung (TGA) am Herzen. Neben den [&hellip;]\" \/>\n<meta property=\"og:url\" content=\"https:\/\/www.ingbee.net\/?page_id=16\" \/>\n<meta property=\"og:site_name\" content=\"Ingenieurb\u00fcro Elisabeth Eckst\u00e4dt\" \/>\n<meta property=\"article:modified_time\" content=\"2025-02-04T12:24:55+00:00\" \/>\n<meta property=\"og:image\" content=\"https:\/\/www.ingbee.net\/wp-content\/uploads\/2024\/01\/Energieausweis.jpg\" \/>\n\t<meta property=\"og:image:width\" content=\"500\" \/>\n\t<meta property=\"og:image:height\" content=\"505\" \/>\n\t<meta property=\"og:image:type\" content=\"image\/jpeg\" \/>\n<meta name=\"twitter:card\" content=\"summary_large_image\" \/>\n<meta name=\"twitter:label1\" content=\"Gesch\u00e4tzte Lesezeit\" \/>\n\t<meta name=\"twitter:data1\" content=\"2\u00a0Minuten\" \/>\n<script type=\"application\/ld+json\" class=\"yoast-schema-graph\">{\"@context\":\"https:\\\/\\\/schema.org\",\"@graph\":[{\"@type\":\"WebPage\",\"@id\":\"https:\\\/\\\/www.ingbee.net\\\/?page_id=16\",\"url\":\"https:\\\/\\\/www.ingbee.net\\\/?page_id=16\",\"name\":\"Angebot - Ingenieurb\u00fcro Elisabeth Eckst\u00e4dt\",\"isPartOf\":{\"@id\":\"https:\\\/\\\/www.ingbee.net\\\/#website\"},\"primaryImageOfPage\":{\"@id\":\"https:\\\/\\\/www.ingbee.net\\\/?page_id=16#primaryimage\"},\"image\":{\"@id\":\"https:\\\/\\\/www.ingbee.net\\\/?page_id=16#primaryimage\"},\"thumbnailUrl\":\"https:\\\/\\\/www.ingbee.net\\\/wp-content\\\/uploads\\\/2024\\\/01\\\/Energieausweis.jpg\",\"datePublished\":\"2023-12-30T12:21:02+00:00\",\"dateModified\":\"2025-02-04T12:24:55+00:00\",\"breadcrumb\":{\"@id\":\"https:\\\/\\\/www.ingbee.net\\\/?page_id=16#breadcrumb\"},\"inLanguage\":\"de\",\"potentialAction\":[{\"@type\":\"ReadAction\",\"target\":[\"https:\\\/\\\/www.ingbee.net\\\/?page_id=16\"]}]},{\"@type\":\"ImageObject\",\"inLanguage\":\"de\",\"@id\":\"https:\\\/\\\/www.ingbee.net\\\/?page_id=16#primaryimage\",\"url\":\"https:\\\/\\\/www.ingbee.net\\\/wp-content\\\/uploads\\\/2024\\\/01\\\/Energieausweis.jpg\",\"contentUrl\":\"https:\\\/\\\/www.ingbee.net\\\/wp-content\\\/uploads\\\/2024\\\/01\\\/Energieausweis.jpg\",\"width\":500,\"height\":505},{\"@type\":\"BreadcrumbList\",\"@id\":\"https:\\\/\\\/www.ingbee.net\\\/?page_id=16#breadcrumb\",\"itemListElement\":[{\"@type\":\"ListItem\",\"position\":1,\"name\":\"Startseite\",\"item\":\"https:\\\/\\\/www.ingbee.net\\\/\"},{\"@type\":\"ListItem\",\"position\":2,\"name\":\"Angebot\"}]},{\"@type\":\"WebSite\",\"@id\":\"https:\\\/\\\/www.ingbee.net\\\/#website\",\"url\":\"https:\\\/\\\/www.ingbee.net\\\/\",\"name\":\"Ingenieurb\u00fcro Elisabeth Eckst\u00e4dt\",\"description\":\"Energieberatung Fachplanung\",\"publisher\":{\"@id\":\"https:\\\/\\\/www.ingbee.net\\\/#organization\"},\"potentialAction\":[{\"@type\":\"SearchAction\",\"target\":{\"@type\":\"EntryPoint\",\"urlTemplate\":\"https:\\\/\\\/www.ingbee.net\\\/?s={search_term_string}\"},\"query-input\":{\"@type\":\"PropertyValueSpecification\",\"valueRequired\":true,\"valueName\":\"search_term_string\"}}],\"inLanguage\":\"de\"},{\"@type\":\"Organization\",\"@id\":\"https:\\\/\\\/www.ingbee.net\\\/#organization\",\"name\":\"Ingenieurb\u00fcro Elisabeth Eckst\u00e4dt\",\"url\":\"https:\\\/\\\/www.ingbee.net\\\/\",\"logo\":{\"@type\":\"ImageObject\",\"inLanguage\":\"de\",\"@id\":\"https:\\\/\\\/www.ingbee.net\\\/#\\\/schema\\\/logo\\\/image\\\/\",\"url\":\"\",\"contentUrl\":\"\",\"caption\":\"Ingenieurb\u00fcro Elisabeth Eckst\u00e4dt\"},\"image\":{\"@id\":\"https:\\\/\\\/www.ingbee.net\\\/#\\\/schema\\\/logo\\\/image\\\/\"}}]}<\/script>\n<!-- \/ Yoast SEO plugin. -->","yoast_head_json":{"title":"Angebot - Ingenieurb\u00fcro Elisabeth Eckst\u00e4dt","robots":{"index":"index","follow":"follow","max-snippet":"max-snippet:-1","max-image-preview":"max-image-preview:large","max-video-preview":"max-video-preview:-1"},"canonical":"https:\/\/www.ingbee.net\/?page_id=16","og_locale":"de_DE","og_type":"article","og_title":"Angebot - Ingenieurb\u00fcro Elisabeth Eckst\u00e4dt","og_description":"Energieberatung Sie brauchen Orientierung f\u00fcr das energetische Konzept ihres Geb\u00e4udes? Ich biete Energieberatung f\u00fcr Wohn- und Nichtwohngeb\u00e4ude an \u2013 sowohl f\u00fcr Bestandsgeb\u00e4ude, als auch f\u00fcr Neubauten. Dadurch erfahren sie, wie ein zukunftsf\u00e4higes energetisches Konzept f\u00fcr ihr (geplantes) Geb\u00e4ude aussieht. Dabei liegt mir eine sinnvolle Wechselwirkung von Geb\u00e4udeh\u00fclle und technischer Geb\u00e4udeausr\u00fcstung (TGA) am Herzen. Neben den [&hellip;]","og_url":"https:\/\/www.ingbee.net\/?page_id=16","og_site_name":"Ingenieurb\u00fcro Elisabeth Eckst\u00e4dt","article_modified_time":"2025-02-04T12:24:55+00:00","og_image":[{"width":500,"height":505,"url":"https:\/\/www.ingbee.net\/wp-content\/uploads\/2024\/01\/Energieausweis.jpg","type":"image\/jpeg"}],"twitter_card":"summary_large_image","twitter_misc":{"Gesch\u00e4tzte Lesezeit":"2\u00a0Minuten"},"schema":{"@context":"https:\/\/schema.org","@graph":[{"@type":"WebPage","@id":"https:\/\/www.ingbee.net\/?page_id=16","url":"https:\/\/www.ingbee.net\/?page_id=16","name":"Angebot - Ingenieurb\u00fcro Elisabeth Eckst\u00e4dt","isPartOf":{"@id":"https:\/\/www.ingbee.net\/#website"},"primaryImageOfPage":{"@id":"https:\/\/www.ingbee.net\/?page_id=16#primaryimage"},"image":{"@id":"https:\/\/www.ingbee.net\/?page_id=16#primaryimage"},"thumbnailUrl":"https:\/\/www.ingbee.net\/wp-content\/uploads\/2024\/01\/Energieausweis.jpg","datePublished":"2023-12-30T12:21:02+00:00","dateModified":"2025-02-04T12:24:55+00:00","breadcrumb":{"@id":"https:\/\/www.ingbee.net\/?page_id=16#breadcrumb"},"inLanguage":"de","potentialAction":[{"@type":"ReadAction","target":["https:\/\/www.ingbee.net\/?page_id=16"]}]},{"@type":"ImageObject","inLanguage":"de","@id":"https:\/\/www.ingbee.net\/?page_id=16#primaryimage","url":"https:\/\/www.ingbee.net\/wp-content\/uploads\/2024\/01\/Energieausweis.jpg","contentUrl":"https:\/\/www.ingbee.net\/wp-content\/uploads\/2024\/01\/Energieausweis.jpg","width":500,"height":505},{"@type":"BreadcrumbList","@id":"https:\/\/www.ingbee.net\/?page_id=16#breadcrumb","itemListElement":[{"@type":"ListItem","position":1,"name":"Startseite","item":"https:\/\/www.ingbee.net\/"},{"@type":"ListItem","position":2,"name":"Angebot"}]},{"@type":"WebSite","@id":"https:\/\/www.ingbee.net\/#website","url":"https:\/\/www.ingbee.net\/","name":"Ingenieurb\u00fcro Elisabeth Eckst\u00e4dt","description":"Energieberatung Fachplanung","publisher":{"@id":"https:\/\/www.ingbee.net\/#organization"},"potentialAction":[{"@type":"SearchAction","target":{"@type":"EntryPoint","urlTemplate":"https:\/\/www.ingbee.net\/?s={search_term_string}"},"query-input":{"@type":"PropertyValueSpecification","valueRequired":true,"valueName":"search_term_string"}}],"inLanguage":"de"},{"@type":"Organization","@id":"https:\/\/www.ingbee.net\/#organization","name":"Ingenieurb\u00fcro Elisabeth Eckst\u00e4dt","url":"https:\/\/www.ingbee.net\/","logo":{"@type":"ImageObject","inLanguage":"de","@id":"https:\/\/www.ingbee.net\/#\/schema\/logo\/image\/","url":"","contentUrl":"","caption":"Ingenieurb\u00fcro Elisabeth Eckst\u00e4dt"},"image":{"@id":"https:\/\/www.ingbee.net\/#\/schema\/logo\/image\/"}}]}},"_links":{"self":[{"href":"https:\/\/www.ingbee.net\/index.php?rest_route=\/wp\/v2\/pages\/16","targetHints":{"allow":["GET"]}}],"collection":[{"href":"https:\/\/www.ingbee.net\/index.php?rest_route=\/wp\/v2\/pages"}],"about":[{"href":"https:\/\/www.ingbee.net\/index.php?rest_route=\/wp\/v2\/types\/page"}],"author":[{"embeddable":true,"href":"https:\/\/www.ingbee.net\/index.php?rest_route=\/wp\/v2\/users\/1"}],"replies":[{"embeddable":true,"href":"https:\/\/www.ingbee.net\/index.php?rest_route=%2Fwp%2Fv2%2Fcomments&post=16"}],"version-history":[{"count":18,"href":"https:\/\/www.ingbee.net\/index.php?rest_route=\/wp\/v2\/pages\/16\/revisions"}],"predecessor-version":[{"id":217,"href":"https:\/\/www.ingbee.net\/index.php?rest_route=\/wp\/v2\/pages\/16\/revisions\/217"}],"wp:attachment":[{"href":"https:\/\/www.ingbee.net\/index.php?rest_route=%2Fwp%2Fv2%2Fmedia&parent=16"}],"curies":[{"name":"wp","href":"https:\/\/api.w.org\/{rel}","templated":true}]}}