{"id":149,"date":"2024-01-14T20:05:43","date_gmt":"2024-01-14T19:05:43","guid":{"rendered":"https:\/\/www.ingbee.net\/?page_id=149"},"modified":"2024-01-14T20:05:44","modified_gmt":"2024-01-14T19:05:44","slug":"simulation","status":"publish","type":"page","link":"https:\/\/www.ingbee.net\/?page_id=149","title":{"rendered":"Simulation"},"content":{"rendered":"\n<p>Geb\u00e4udesimulation betrachtet die Wechselwirkungen zwischen Geb\u00e4udeh\u00fclle, Wetter und inneren Bedingungen und ber\u00fccksichtigt dabei insbesondere die thermische Tr\u00e4gheit der Geb\u00e4udemassen und die Zeitabh\u00e4ngigkeit der inneren (Personen, Beleuchtung, Ger\u00e4te) und \u00e4u\u00dferen (Lufttemperatur, Solarstrahlung) Lasten. Dies erm\u00f6glicht eine genauere Bewertung der <mark style=\"background-color:rgba(0, 0, 0, 0)\" class=\"has-inline-color has-custom-color-1-color\"><strong>Behaglichkeitsbedingungen<\/strong> <\/mark>im Geb\u00e4ude sowohl im Heiz-, als auch im K\u00fchlfall.<\/p>\n\n\n\n<p>Mittels Geb\u00e4udesimulation sind vertiefte Untersuchungen zur raumweisen <strong><mark style=\"background-color:rgba(0, 0, 0, 0)\" class=\"has-inline-color has-custom-color-1-color\">Heiz- und K\u00fchllast<\/mark><\/strong> m\u00f6glich, die eine bessere Auslegung der Anlagentechnik erm\u00f6glichen.<\/p>\n\n\n\n<p>Die Anlagensimulation betrachtet die zeitabh\u00e4ngige Wechselwirkung von Heiz- und K\u00fchlanlage sowie ggf. Solaranlage mit den \u00e4u\u00dferen und inneren Bedingungen am Geb\u00e4ude. Insbesondere wichtig ist dies f\u00fcr W\u00e4rme- und K\u00e4lteerzeuger basierend auf erneuerbaren Energien. Mittels Anlagensimulation k\u00f6nnen (innovative) Anlagen- und Regelungskonzepte entworfen und bewertet werden, dabei k\u00f6nnen auch Kennzahlen f\u00fcr den Energieausweis ermittelt werden.<\/p>\n","protected":false},"excerpt":{"rendered":"<p>Geb\u00e4udesimulation betrachtet die Wechselwirkungen zwischen Geb\u00e4udeh\u00fclle, Wetter und inneren Bedingungen und ber\u00fccksichtigt dabei insbesondere die thermische Tr\u00e4gheit der Geb\u00e4udemassen und die Zeitabh\u00e4ngigkeit der inneren (Personen, Beleuchtung, Ger\u00e4te) und \u00e4u\u00dferen (Lufttemperatur, Solarstrahlung) Lasten. Dies erm\u00f6glicht eine genauere Bewertung der Behaglichkeitsbedingungen im Geb\u00e4ude sowohl im Heiz-, als auch im K\u00fchlfall. Mittels Geb\u00e4udesimulation sind vertiefte Untersuchungen zur raumweisen [&hellip;]<\/p>\n","protected":false},"author":1,"featured_media":0,"parent":0,"menu_order":0,"comment_status":"closed","ping_status":"closed","template":"","meta":{"footnotes":""},"class_list":["post-149","page","type-page","status-publish","hentry"],"yoast_head":"<!-- This site is optimized with the Yoast SEO plugin v27.5 - https:\/\/yoast.com\/product\/yoast-seo-wordpress\/ -->\n<title>Simulation - Ingenieurb\u00fcro Elisabeth Eckst\u00e4dt<\/title>\n<meta name=\"robots\" content=\"index, follow, max-snippet:-1, max-image-preview:large, max-video-preview:-1\" \/>\n<link rel=\"canonical\" href=\"https:\/\/www.ingbee.net\/?page_id=149\" \/>\n<meta property=\"og:locale\" content=\"de_DE\" \/>\n<meta property=\"og:type\" content=\"article\" \/>\n<meta property=\"og:title\" content=\"Simulation - Ingenieurb\u00fcro Elisabeth Eckst\u00e4dt\" \/>\n<meta property=\"og:description\" content=\"Geb\u00e4udesimulation betrachtet die Wechselwirkungen zwischen Geb\u00e4udeh\u00fclle, Wetter und inneren Bedingungen und ber\u00fccksichtigt dabei insbesondere die thermische Tr\u00e4gheit der Geb\u00e4udemassen und die Zeitabh\u00e4ngigkeit der inneren (Personen, Beleuchtung, Ger\u00e4te) und \u00e4u\u00dferen (Lufttemperatur, Solarstrahlung) Lasten. Dies erm\u00f6glicht eine genauere Bewertung der Behaglichkeitsbedingungen im Geb\u00e4ude sowohl im Heiz-, als auch im K\u00fchlfall. Mittels Geb\u00e4udesimulation sind vertiefte Untersuchungen zur raumweisen [&hellip;]\" \/>\n<meta property=\"og:url\" content=\"https:\/\/www.ingbee.net\/?page_id=149\" \/>\n<meta property=\"og:site_name\" content=\"Ingenieurb\u00fcro Elisabeth Eckst\u00e4dt\" \/>\n<meta property=\"article:modified_time\" content=\"2024-01-14T19:05:44+00:00\" \/>\n<meta name=\"twitter:card\" content=\"summary_large_image\" \/>\n<meta name=\"twitter:label1\" content=\"Gesch\u00e4tzte Lesezeit\" \/>\n\t<meta name=\"twitter:data1\" content=\"1\u00a0Minute\" \/>\n<script type=\"application\/ld+json\" class=\"yoast-schema-graph\">{\"@context\":\"https:\\\/\\\/schema.org\",\"@graph\":[{\"@type\":\"WebPage\",\"@id\":\"https:\\\/\\\/www.ingbee.net\\\/?page_id=149\",\"url\":\"https:\\\/\\\/www.ingbee.net\\\/?page_id=149\",\"name\":\"Simulation - Ingenieurb\u00fcro Elisabeth Eckst\u00e4dt\",\"isPartOf\":{\"@id\":\"https:\\\/\\\/www.ingbee.net\\\/#website\"},\"datePublished\":\"2024-01-14T19:05:43+00:00\",\"dateModified\":\"2024-01-14T19:05:44+00:00\",\"breadcrumb\":{\"@id\":\"https:\\\/\\\/www.ingbee.net\\\/?page_id=149#breadcrumb\"},\"inLanguage\":\"de\",\"potentialAction\":[{\"@type\":\"ReadAction\",\"target\":[\"https:\\\/\\\/www.ingbee.net\\\/?page_id=149\"]}]},{\"@type\":\"BreadcrumbList\",\"@id\":\"https:\\\/\\\/www.ingbee.net\\\/?page_id=149#breadcrumb\",\"itemListElement\":[{\"@type\":\"ListItem\",\"position\":1,\"name\":\"Startseite\",\"item\":\"https:\\\/\\\/www.ingbee.net\\\/\"},{\"@type\":\"ListItem\",\"position\":2,\"name\":\"Simulation\"}]},{\"@type\":\"WebSite\",\"@id\":\"https:\\\/\\\/www.ingbee.net\\\/#website\",\"url\":\"https:\\\/\\\/www.ingbee.net\\\/\",\"name\":\"Ingenieurb\u00fcro Elisabeth Eckst\u00e4dt\",\"description\":\"Energieberatung Fachplanung\",\"publisher\":{\"@id\":\"https:\\\/\\\/www.ingbee.net\\\/#organization\"},\"potentialAction\":[{\"@type\":\"SearchAction\",\"target\":{\"@type\":\"EntryPoint\",\"urlTemplate\":\"https:\\\/\\\/www.ingbee.net\\\/?s={search_term_string}\"},\"query-input\":{\"@type\":\"PropertyValueSpecification\",\"valueRequired\":true,\"valueName\":\"search_term_string\"}}],\"inLanguage\":\"de\"},{\"@type\":\"Organization\",\"@id\":\"https:\\\/\\\/www.ingbee.net\\\/#organization\",\"name\":\"Ingenieurb\u00fcro Elisabeth Eckst\u00e4dt\",\"url\":\"https:\\\/\\\/www.ingbee.net\\\/\",\"logo\":{\"@type\":\"ImageObject\",\"inLanguage\":\"de\",\"@id\":\"https:\\\/\\\/www.ingbee.net\\\/#\\\/schema\\\/logo\\\/image\\\/\",\"url\":\"\",\"contentUrl\":\"\",\"caption\":\"Ingenieurb\u00fcro Elisabeth Eckst\u00e4dt\"},\"image\":{\"@id\":\"https:\\\/\\\/www.ingbee.net\\\/#\\\/schema\\\/logo\\\/image\\\/\"}}]}<\/script>\n<!-- \/ Yoast SEO plugin. -->","yoast_head_json":{"title":"Simulation - Ingenieurb\u00fcro Elisabeth Eckst\u00e4dt","robots":{"index":"index","follow":"follow","max-snippet":"max-snippet:-1","max-image-preview":"max-image-preview:large","max-video-preview":"max-video-preview:-1"},"canonical":"https:\/\/www.ingbee.net\/?page_id=149","og_locale":"de_DE","og_type":"article","og_title":"Simulation - Ingenieurb\u00fcro Elisabeth Eckst\u00e4dt","og_description":"Geb\u00e4udesimulation betrachtet die Wechselwirkungen zwischen Geb\u00e4udeh\u00fclle, Wetter und inneren Bedingungen und ber\u00fccksichtigt dabei insbesondere die thermische Tr\u00e4gheit der Geb\u00e4udemassen und die Zeitabh\u00e4ngigkeit der inneren (Personen, Beleuchtung, Ger\u00e4te) und \u00e4u\u00dferen (Lufttemperatur, Solarstrahlung) Lasten. Dies erm\u00f6glicht eine genauere Bewertung der Behaglichkeitsbedingungen im Geb\u00e4ude sowohl im Heiz-, als auch im K\u00fchlfall. Mittels Geb\u00e4udesimulation sind vertiefte Untersuchungen zur raumweisen [&hellip;]","og_url":"https:\/\/www.ingbee.net\/?page_id=149","og_site_name":"Ingenieurb\u00fcro Elisabeth Eckst\u00e4dt","article_modified_time":"2024-01-14T19:05:44+00:00","twitter_card":"summary_large_image","twitter_misc":{"Gesch\u00e4tzte Lesezeit":"1\u00a0Minute"},"schema":{"@context":"https:\/\/schema.org","@graph":[{"@type":"WebPage","@id":"https:\/\/www.ingbee.net\/?page_id=149","url":"https:\/\/www.ingbee.net\/?page_id=149","name":"Simulation - Ingenieurb\u00fcro Elisabeth Eckst\u00e4dt","isPartOf":{"@id":"https:\/\/www.ingbee.net\/#website"},"datePublished":"2024-01-14T19:05:43+00:00","dateModified":"2024-01-14T19:05:44+00:00","breadcrumb":{"@id":"https:\/\/www.ingbee.net\/?page_id=149#breadcrumb"},"inLanguage":"de","potentialAction":[{"@type":"ReadAction","target":["https:\/\/www.ingbee.net\/?page_id=149"]}]},{"@type":"BreadcrumbList","@id":"https:\/\/www.ingbee.net\/?page_id=149#breadcrumb","itemListElement":[{"@type":"ListItem","position":1,"name":"Startseite","item":"https:\/\/www.ingbee.net\/"},{"@type":"ListItem","position":2,"name":"Simulation"}]},{"@type":"WebSite","@id":"https:\/\/www.ingbee.net\/#website","url":"https:\/\/www.ingbee.net\/","name":"Ingenieurb\u00fcro Elisabeth Eckst\u00e4dt","description":"Energieberatung Fachplanung","publisher":{"@id":"https:\/\/www.ingbee.net\/#organization"},"potentialAction":[{"@type":"SearchAction","target":{"@type":"EntryPoint","urlTemplate":"https:\/\/www.ingbee.net\/?s={search_term_string}"},"query-input":{"@type":"PropertyValueSpecification","valueRequired":true,"valueName":"search_term_string"}}],"inLanguage":"de"},{"@type":"Organization","@id":"https:\/\/www.ingbee.net\/#organization","name":"Ingenieurb\u00fcro Elisabeth Eckst\u00e4dt","url":"https:\/\/www.ingbee.net\/","logo":{"@type":"ImageObject","inLanguage":"de","@id":"https:\/\/www.ingbee.net\/#\/schema\/logo\/image\/","url":"","contentUrl":"","caption":"Ingenieurb\u00fcro Elisabeth Eckst\u00e4dt"},"image":{"@id":"https:\/\/www.ingbee.net\/#\/schema\/logo\/image\/"}}]}},"_links":{"self":[{"href":"https:\/\/www.ingbee.net\/index.php?rest_route=\/wp\/v2\/pages\/149","targetHints":{"allow":["GET"]}}],"collection":[{"href":"https:\/\/www.ingbee.net\/index.php?rest_route=\/wp\/v2\/pages"}],"about":[{"href":"https:\/\/www.ingbee.net\/index.php?rest_route=\/wp\/v2\/types\/page"}],"author":[{"embeddable":true,"href":"https:\/\/www.ingbee.net\/index.php?rest_route=\/wp\/v2\/users\/1"}],"replies":[{"embeddable":true,"href":"https:\/\/www.ingbee.net\/index.php?rest_route=%2Fwp%2Fv2%2Fcomments&post=149"}],"version-history":[{"count":1,"href":"https:\/\/www.ingbee.net\/index.php?rest_route=\/wp\/v2\/pages\/149\/revisions"}],"predecessor-version":[{"id":150,"href":"https:\/\/www.ingbee.net\/index.php?rest_route=\/wp\/v2\/pages\/149\/revisions\/150"}],"wp:attachment":[{"href":"https:\/\/www.ingbee.net\/index.php?rest_route=%2Fwp%2Fv2%2Fmedia&parent=149"}],"curies":[{"name":"wp","href":"https:\/\/api.w.org\/{rel}","templated":true}]}}