{"id":14,"date":"2023-12-30T12:15:57","date_gmt":"2023-12-30T12:15:57","guid":{"rendered":"https:\/\/www.ingbee.net\/?page_id=14"},"modified":"2025-02-04T13:31:30","modified_gmt":"2025-02-04T12:31:30","slug":"unternehmen","status":"publish","type":"page","link":"https:\/\/www.ingbee.net\/?page_id=14","title":{"rendered":"Unternehmen"},"content":{"rendered":"\n<p>Dieses Ingenieurb\u00fcro wird betrieben von Elisabeth Eckst\u00e4dt in Dresden. Lesen sie mehr \u00fcber <a href=\"https:\/\/www.ingbee.net\/?page_id=11\">meine Erfahrung und Qualifikation<\/a>, die ich gerne in ihr Projekt einbringen.<\/p>\n\n\n\n<h3 class=\"wp-block-heading\">Arbeitsweise<\/h3>\n\n\n\n<p>Ich nehme meine Berufsbezeichnung als \u201eberatender Ingenieur\u201c sehr ernst. Dazu geh\u00f6rt f\u00fcr mich unbedingt die Beratung in Hinblick auf ihre Ziele und W\u00fcnsche in Bezug auf das Bauprojekt und keinesfalls das standardisierte Vorschlagen der immer wieder gleichen Konzepte. Eine technische Geb\u00e4udeausr\u00fcstung sieht anders aus, je nachdem ob der Fokus auf minimalen Investitionskosten, minimalen Lebenszykluskosten, maximalen F\u00f6rdermitteln, minimalen CO2-Emissionen, auf gestalterischen Aspekten oder einer m\u00f6glichst leisen Geb\u00e4udetechnik liegt. Was ist ihnen wichtig?<\/p>\n\n\n\n<h3 class=\"wp-block-heading\">Wirkungskreis<\/h3>\n\n\n\n<p>Meine Arbeitsweise ist \u2013 ob mit oder ohne BIM \u2013 voll digital und daher ortsunabh\u00e4ngig. Manche Aufgaben erfordern die Anwesenheit vor Ort \u2013 f\u00fcr diese stehe ich in Dresden und Umgebung gern zur Verf\u00fcgung. \u201eUmgebung\u201c ist dabei ein dehnbarer Begriff  \u2013 spannende Projekte lassen manche Fahrzeit weniger schlimm erscheinen&#8230; sprechen sie mich gerne dazu an!<\/p>\n\n\n\n<h3 class=\"wp-block-heading\">Partner<\/h3>\n\n\n\n<h4 class=\"wp-block-heading\">Ingenieurb\u00fcro Eckst\u00e4dt<\/h4>\n\n\n\n<p>Fachplanung Elektrotechnik und Geb\u00e4udeautomation<\/p>\n\n\n\n<p>Verschaffen sie sich einen <a href=\"http:\/\/www.eckstaedt.de\">Eindruck<\/a>.<\/p>\n\n\n\n<h4 class=\"wp-block-heading\">Fraunhofer IIS\/EAS<\/h4>\n\n\n\n<p>Der Institutsteil &#8222;Entwicklung adaptiver Systeme&#8220; des Fraunhofer &#8222;Institut f\u00fcr Integrierte Schaltungen&#8220; betreibt ein Labor f\u00fcr innovative Geb\u00e4udetechnik und hat eine Forschungsgruppe, die sich mit KI-basierter Regelung f\u00fcr Geb\u00e4udetechnik besch\u00e4ftigt. <\/p>\n\n\n\n<p>Erfahren sie mehr \u00fcber die <a href=\"https:\/\/www.eas.iis.fraunhofer.de\/de\/anwendungsfelder\/leben-gesundheit.html\">Projekte <\/a>dort.<\/p>\n\n\n\n<h4 class=\"wp-block-heading\">Energieberatung Amos Egel<\/h4>\n\n\n\n<p>Energieberatung und kommunale W\u00e4rmeplanung.<\/p>\n\n\n\n<p>Verschaffen sie sich einen <a href=\"https:\/\/energieberatung-egel.de\/\">Eindruck<\/a>.<\/p>\n\n\n\n<p><\/p>\n","protected":false},"excerpt":{"rendered":"<p>Dieses Ingenieurb\u00fcro wird betrieben von Elisabeth Eckst\u00e4dt in Dresden. Lesen sie mehr \u00fcber meine Erfahrung und Qualifikation, die ich gerne in ihr Projekt einbringen. Arbeitsweise Ich nehme meine Berufsbezeichnung als \u201eberatender Ingenieur\u201c sehr ernst. Dazu geh\u00f6rt f\u00fcr mich unbedingt die Beratung in Hinblick auf ihre Ziele und W\u00fcnsche in Bezug auf das Bauprojekt und keinesfalls [&hellip;]<\/p>\n","protected":false},"author":1,"featured_media":0,"parent":0,"menu_order":0,"comment_status":"closed","ping_status":"closed","template":"","meta":{"footnotes":""},"class_list":["post-14","page","type-page","status-publish","hentry"],"yoast_head":"<!-- This site is optimized with the Yoast SEO plugin v27.6 - https:\/\/yoast.com\/product\/yoast-seo-wordpress\/ -->\n<title>Unternehmen - Ingenieurb\u00fcro Elisabeth Eckst\u00e4dt<\/title>\n<meta name=\"robots\" content=\"index, follow, max-snippet:-1, max-image-preview:large, max-video-preview:-1\" \/>\n<link rel=\"canonical\" href=\"https:\/\/www.ingbee.net\/?page_id=14\" \/>\n<meta property=\"og:locale\" content=\"de_DE\" \/>\n<meta property=\"og:type\" content=\"article\" \/>\n<meta property=\"og:title\" content=\"Unternehmen - Ingenieurb\u00fcro Elisabeth Eckst\u00e4dt\" \/>\n<meta property=\"og:description\" content=\"Dieses Ingenieurb\u00fcro wird betrieben von Elisabeth Eckst\u00e4dt in Dresden. Lesen sie mehr \u00fcber meine Erfahrung und Qualifikation, die ich gerne in ihr Projekt einbringen. Arbeitsweise Ich nehme meine Berufsbezeichnung als \u201eberatender Ingenieur\u201c sehr ernst. Dazu geh\u00f6rt f\u00fcr mich unbedingt die Beratung in Hinblick auf ihre Ziele und W\u00fcnsche in Bezug auf das Bauprojekt und keinesfalls [&hellip;]\" \/>\n<meta property=\"og:url\" content=\"https:\/\/www.ingbee.net\/?page_id=14\" \/>\n<meta property=\"og:site_name\" content=\"Ingenieurb\u00fcro Elisabeth Eckst\u00e4dt\" \/>\n<meta property=\"article:modified_time\" content=\"2025-02-04T12:31:30+00:00\" \/>\n<meta name=\"twitter:card\" content=\"summary_large_image\" \/>\n<meta name=\"twitter:label1\" content=\"Gesch\u00e4tzte Lesezeit\" \/>\n\t<meta name=\"twitter:data1\" content=\"2\u00a0Minuten\" \/>\n<script type=\"application\/ld+json\" class=\"yoast-schema-graph\">{\"@context\":\"https:\\\/\\\/schema.org\",\"@graph\":[{\"@type\":\"WebPage\",\"@id\":\"https:\\\/\\\/www.ingbee.net\\\/?page_id=14\",\"url\":\"https:\\\/\\\/www.ingbee.net\\\/?page_id=14\",\"name\":\"Unternehmen - Ingenieurb\u00fcro Elisabeth Eckst\u00e4dt\",\"isPartOf\":{\"@id\":\"https:\\\/\\\/www.ingbee.net\\\/#website\"},\"datePublished\":\"2023-12-30T12:15:57+00:00\",\"dateModified\":\"2025-02-04T12:31:30+00:00\",\"breadcrumb\":{\"@id\":\"https:\\\/\\\/www.ingbee.net\\\/?page_id=14#breadcrumb\"},\"inLanguage\":\"de\",\"potentialAction\":[{\"@type\":\"ReadAction\",\"target\":[\"https:\\\/\\\/www.ingbee.net\\\/?page_id=14\"]}]},{\"@type\":\"BreadcrumbList\",\"@id\":\"https:\\\/\\\/www.ingbee.net\\\/?page_id=14#breadcrumb\",\"itemListElement\":[{\"@type\":\"ListItem\",\"position\":1,\"name\":\"Startseite\",\"item\":\"https:\\\/\\\/www.ingbee.net\\\/\"},{\"@type\":\"ListItem\",\"position\":2,\"name\":\"Unternehmen\"}]},{\"@type\":\"WebSite\",\"@id\":\"https:\\\/\\\/www.ingbee.net\\\/#website\",\"url\":\"https:\\\/\\\/www.ingbee.net\\\/\",\"name\":\"Ingenieurb\u00fcro Elisabeth Eckst\u00e4dt\",\"description\":\"Energieberatung Fachplanung\",\"publisher\":{\"@id\":\"https:\\\/\\\/www.ingbee.net\\\/#organization\"},\"potentialAction\":[{\"@type\":\"SearchAction\",\"target\":{\"@type\":\"EntryPoint\",\"urlTemplate\":\"https:\\\/\\\/www.ingbee.net\\\/?s={search_term_string}\"},\"query-input\":{\"@type\":\"PropertyValueSpecification\",\"valueRequired\":true,\"valueName\":\"search_term_string\"}}],\"inLanguage\":\"de\"},{\"@type\":\"Organization\",\"@id\":\"https:\\\/\\\/www.ingbee.net\\\/#organization\",\"name\":\"Ingenieurb\u00fcro Elisabeth Eckst\u00e4dt\",\"url\":\"https:\\\/\\\/www.ingbee.net\\\/\",\"logo\":{\"@type\":\"ImageObject\",\"inLanguage\":\"de\",\"@id\":\"https:\\\/\\\/www.ingbee.net\\\/#\\\/schema\\\/logo\\\/image\\\/\",\"url\":\"\",\"contentUrl\":\"\",\"caption\":\"Ingenieurb\u00fcro Elisabeth Eckst\u00e4dt\"},\"image\":{\"@id\":\"https:\\\/\\\/www.ingbee.net\\\/#\\\/schema\\\/logo\\\/image\\\/\"}}]}<\/script>\n<!-- \/ Yoast SEO plugin. -->","yoast_head_json":{"title":"Unternehmen - Ingenieurb\u00fcro Elisabeth Eckst\u00e4dt","robots":{"index":"index","follow":"follow","max-snippet":"max-snippet:-1","max-image-preview":"max-image-preview:large","max-video-preview":"max-video-preview:-1"},"canonical":"https:\/\/www.ingbee.net\/?page_id=14","og_locale":"de_DE","og_type":"article","og_title":"Unternehmen - Ingenieurb\u00fcro Elisabeth Eckst\u00e4dt","og_description":"Dieses Ingenieurb\u00fcro wird betrieben von Elisabeth Eckst\u00e4dt in Dresden. Lesen sie mehr \u00fcber meine Erfahrung und Qualifikation, die ich gerne in ihr Projekt einbringen. Arbeitsweise Ich nehme meine Berufsbezeichnung als \u201eberatender Ingenieur\u201c sehr ernst. Dazu geh\u00f6rt f\u00fcr mich unbedingt die Beratung in Hinblick auf ihre Ziele und W\u00fcnsche in Bezug auf das Bauprojekt und keinesfalls [&hellip;]","og_url":"https:\/\/www.ingbee.net\/?page_id=14","og_site_name":"Ingenieurb\u00fcro Elisabeth Eckst\u00e4dt","article_modified_time":"2025-02-04T12:31:30+00:00","twitter_card":"summary_large_image","twitter_misc":{"Gesch\u00e4tzte Lesezeit":"2\u00a0Minuten"},"schema":{"@context":"https:\/\/schema.org","@graph":[{"@type":"WebPage","@id":"https:\/\/www.ingbee.net\/?page_id=14","url":"https:\/\/www.ingbee.net\/?page_id=14","name":"Unternehmen - Ingenieurb\u00fcro Elisabeth Eckst\u00e4dt","isPartOf":{"@id":"https:\/\/www.ingbee.net\/#website"},"datePublished":"2023-12-30T12:15:57+00:00","dateModified":"2025-02-04T12:31:30+00:00","breadcrumb":{"@id":"https:\/\/www.ingbee.net\/?page_id=14#breadcrumb"},"inLanguage":"de","potentialAction":[{"@type":"ReadAction","target":["https:\/\/www.ingbee.net\/?page_id=14"]}]},{"@type":"BreadcrumbList","@id":"https:\/\/www.ingbee.net\/?page_id=14#breadcrumb","itemListElement":[{"@type":"ListItem","position":1,"name":"Startseite","item":"https:\/\/www.ingbee.net\/"},{"@type":"ListItem","position":2,"name":"Unternehmen"}]},{"@type":"WebSite","@id":"https:\/\/www.ingbee.net\/#website","url":"https:\/\/www.ingbee.net\/","name":"Ingenieurb\u00fcro Elisabeth Eckst\u00e4dt","description":"Energieberatung Fachplanung","publisher":{"@id":"https:\/\/www.ingbee.net\/#organization"},"potentialAction":[{"@type":"SearchAction","target":{"@type":"EntryPoint","urlTemplate":"https:\/\/www.ingbee.net\/?s={search_term_string}"},"query-input":{"@type":"PropertyValueSpecification","valueRequired":true,"valueName":"search_term_string"}}],"inLanguage":"de"},{"@type":"Organization","@id":"https:\/\/www.ingbee.net\/#organization","name":"Ingenieurb\u00fcro Elisabeth Eckst\u00e4dt","url":"https:\/\/www.ingbee.net\/","logo":{"@type":"ImageObject","inLanguage":"de","@id":"https:\/\/www.ingbee.net\/#\/schema\/logo\/image\/","url":"","contentUrl":"","caption":"Ingenieurb\u00fcro Elisabeth Eckst\u00e4dt"},"image":{"@id":"https:\/\/www.ingbee.net\/#\/schema\/logo\/image\/"}}]}},"_links":{"self":[{"href":"https:\/\/www.ingbee.net\/index.php?rest_route=\/wp\/v2\/pages\/14","targetHints":{"allow":["GET"]}}],"collection":[{"href":"https:\/\/www.ingbee.net\/index.php?rest_route=\/wp\/v2\/pages"}],"about":[{"href":"https:\/\/www.ingbee.net\/index.php?rest_route=\/wp\/v2\/types\/page"}],"author":[{"embeddable":true,"href":"https:\/\/www.ingbee.net\/index.php?rest_route=\/wp\/v2\/users\/1"}],"replies":[{"embeddable":true,"href":"https:\/\/www.ingbee.net\/index.php?rest_route=%2Fwp%2Fv2%2Fcomments&post=14"}],"version-history":[{"count":5,"href":"https:\/\/www.ingbee.net\/index.php?rest_route=\/wp\/v2\/pages\/14\/revisions"}],"predecessor-version":[{"id":223,"href":"https:\/\/www.ingbee.net\/index.php?rest_route=\/wp\/v2\/pages\/14\/revisions\/223"}],"wp:attachment":[{"href":"https:\/\/www.ingbee.net\/index.php?rest_route=%2Fwp%2Fv2%2Fmedia&parent=14"}],"curies":[{"name":"wp","href":"https:\/\/api.w.org\/{rel}","templated":true}]}}